{"id":74,"date":"2022-03-21T19:21:34","date_gmt":"2022-03-21T18:21:34","guid":{"rendered":"https:\/\/tpl.laziska.pl\/?page_id=74"},"modified":"2024-06-03T23:55:08","modified_gmt":"2024-06-03T21:55:08","slug":"statut-2","status":"publish","type":"page","link":"https:\/\/tpl.laziska.pl\/index.php\/statut-2\/","title":{"rendered":"Do pobrania"},"content":{"rendered":"\n<div class=\"wp-block-file\"><a id=\"wp-block-file--media-44b70f40-db28-4bb5-96e8-3abf4636c340\" href=\"https:\/\/tpl.laziska.pl\/wp-content\/uploads\/2022\/06\/Statut-2017-r1-1.doc\">Statut<\/a><a href=\"https:\/\/tpl.laziska.pl\/wp-content\/uploads\/2022\/06\/Statut-2017-r1-1.doc\" class=\"wp-block-file__button wp-element-button\" download aria-describedby=\"wp-block-file--media-44b70f40-db28-4bb5-96e8-3abf4636c340\">Pobierz<\/a><\/div>\n\n\n\n<div class=\"wp-block-file\"><a id=\"wp-block-file--media-823ff8e7-8052-4ab8-8030-a4fd33250f19\" href=\"https:\/\/tpl.laziska.pl\/wp-content\/uploads\/2022\/06\/Regulamin-Swietojanskiego-Turnieju-Wiedzy-o-Laziskach-20222.doc\">Regulamin \u015awi\u0119toja\u0144skiego Turnieju Wiedzy o \u0141aziskach 2022<\/a><a href=\"https:\/\/tpl.laziska.pl\/wp-content\/uploads\/2022\/06\/Regulamin-Swietojanskiego-Turnieju-Wiedzy-o-Laziskach-20222.doc\" class=\"wp-block-file__button wp-element-button\" download aria-describedby=\"wp-block-file--media-823ff8e7-8052-4ab8-8030-a4fd33250f19\">Pobierz<\/a><\/div>\n\n\n\n<div class=\"wp-block-file\"><a id=\"wp-block-file--media-1862818e-15ca-4d6b-a83b-bb5de6456a72\" href=\"https:\/\/tpl.laziska.pl\/wp-content\/uploads\/2022\/08\/Regulamin-VI-Konkursu-Fotograficznego-2022.doc\">Regulamin-VI-Konkursu-Fotograficznego-2022<\/a><a href=\"https:\/\/tpl.laziska.pl\/wp-content\/uploads\/2022\/08\/Regulamin-VI-Konkursu-Fotograficznego-2022.doc\" class=\"wp-block-file__button wp-element-button\" download aria-describedby=\"wp-block-file--media-1862818e-15ca-4d6b-a83b-bb5de6456a72\">Pobierz<\/a><\/div>\n\n\n\n<div class=\"wp-block-file\"><a id=\"wp-block-file--media-adb1b3bc-b1c1-462b-8241-8455ebff87b2\" href=\"https:\/\/tpl.laziska.pl\/wp-content\/uploads\/2023\/03\/TPL-2.docx\">Lista os\u00f3b &#8211; ofiar Tragedii G\u00f3rno\u015bl\u0105skiej<\/a><a href=\"https:\/\/tpl.laziska.pl\/wp-content\/uploads\/2023\/03\/TPL-2.docx\" class=\"wp-block-file__button wp-element-button\" download aria-describedby=\"wp-block-file--media-adb1b3bc-b1c1-462b-8241-8455ebff87b2\">Pobierz<\/a><\/div>\n\n\n\n<div class=\"wp-block-file\"><a id=\"wp-block-file--media-bf6853e1-018a-4565-805f-6d4b0c4c0531\" href=\"https:\/\/tpl.laziska.pl\/wp-content\/uploads\/2024\/06\/konkurs-fotograficzny-2024.doc\">konkurs-fotograficzny-2024<\/a><a href=\"https:\/\/tpl.laziska.pl\/wp-content\/uploads\/2024\/06\/konkurs-fotograficzny-2024.doc\" class=\"wp-block-file__button wp-element-button\" download aria-describedby=\"wp-block-file--media-bf6853e1-018a-4565-805f-6d4b0c4c0531\"><\/a><\/div>\n\n\n\n<p><\/p>\n","protected":false},"excerpt":{"rendered":"","protected":false},"author":1,"featured_media":0,"parent":0,"menu_order":0,"comment_status":"closed","ping_status":"closed","template":"","meta":{"om_disable_all_campaigns":false,"_monsterinsights_skip_tracking":false,"_monsterinsights_sitenote_active":false,"_monsterinsights_sitenote_note":"","_monsterinsights_sitenote_category":0,"ngg_post_thumbnail":0,"footnotes":""},"class_list":["post-74","page","type-page","status-publish","hentry"],"aioseo_notices":[],"_links":{"self":[{"href":"https:\/\/tpl.laziska.pl\/index.php\/wp-json\/wp\/v2\/pages\/74","targetHints":{"allow":["GET"]}}],"collection":[{"href":"https:\/\/tpl.laziska.pl\/index.php\/wp-json\/wp\/v2\/pages"}],"about":[{"href":"https:\/\/tpl.laziska.pl\/index.php\/wp-json\/wp\/v2\/types\/page"}],"author":[{"embeddable":true,"href":"https:\/\/tpl.laziska.pl\/index.php\/wp-json\/wp\/v2\/users\/1"}],"replies":[{"embeddable":true,"href":"https:\/\/tpl.laziska.pl\/index.php\/wp-json\/wp\/v2\/comments?post=74"}],"version-history":[{"count":14,"href":"https:\/\/tpl.laziska.pl\/index.php\/wp-json\/wp\/v2\/pages\/74\/revisions"}],"predecessor-version":[{"id":1044,"href":"https:\/\/tpl.laziska.pl\/index.php\/wp-json\/wp\/v2\/pages\/74\/revisions\/1044"}],"wp:attachment":[{"href":"https:\/\/tpl.laziska.pl\/index.php\/wp-json\/wp\/v2\/media?parent=74"}],"curies":[{"name":"wp","href":"https:\/\/api.w.org\/{rel}","templated":true}]}}