{"id":69,"date":"2022-03-21T19:20:23","date_gmt":"2022-03-21T18:20:23","guid":{"rendered":"https:\/\/tpl.laziska.pl\/?page_id=69"},"modified":"2026-01-06T21:36:45","modified_gmt":"2026-01-06T20:36:45","slug":"koknursy","status":"publish","type":"page","link":"https:\/\/tpl.laziska.pl\/index.php\/koknursy\/","title":{"rendered":"Konkursy"},"content":{"rendered":"\n<p><strong>KONKURSY WIEDZOWE,<\/strong> <strong>LITERACKIE, FOTOGRAFICZNE I PLASTYCZNE<\/strong><\/p>\n\n\n\n<p><\/p>\n\n\n\n<p>Celem nadrz\u0119dnym organizowanych przez TP\u0141 konkurs\u00f3w jest upami\u0119tnienie, zachowanie od zapomnienia os\u00f3b zwi\u0105zanych z naszym miastem, lokalnych wydarze\u0144, propagowanie wiedzy o naszej ma\u0142ej ojczy\u017anie i jej historii, uczczenie jubileuszy i wydarze\u0144 wa\u017cnych dla mieszka\u0144c\u00f3w. Dzieje si\u0119 to g\u0142\u00f3wnie poprzez liczne publikacje wydawane przez towarzystwo z pozyskanych \u015brodk\u00f3w. <\/p>\n\n\n\n<p><strong>Dzia\u0142alno\u015b\u0107 stowarzyszenia finansowana jest w ramach realizacji zadania publicznego z zakresu kultury, sztuki, ochrony d\u00f3br kultury i dziedzictwa narodowego ze \u015brodk\u00f3w publicznych Miasto \u0141aziska G\u00f3rne.<\/strong><\/p>\n\n\n\n<p>Konkursy dla dzieci i m\u0142odzie\u017cy szkolnej pog\u0142\u0119biaj\u0105 wiedz\u0119 na temat miasta, \u0142\u0105cz\u0105c przesz\u0142o\u015b\u0107 z jego wsp\u00f3\u0142czesno\u015bci\u0105, pomagaj\u0105 identyfikowa\u0107 si\u0119 z miejscem zamieszkania oraz rozwijaj\u0105 lokalny patriotyzm. Turnieje organizowane s\u0105 jako konkursy z r\u00f3\u017cnych dziedzin, gdy\u017c celem towarzystwa jest r\u00f3wnie\u017c zaktywizowanie zr\u00f3\u017cnicowanych wiekowo mieszka\u0144c\u00f3w i sympatyk\u00f3w \u0141azisk w lokalnym \u015brodowisku, rozwijanie r\u00f3\u017cnorakich umiej\u0119tno\u015bci, a tak\u017ce dawanie mo\u017cliwo\u015bci podzielenia si\u0119 talentami- m.in. literackim, plastycznym, gaw\u0119dziarskim czy zaci\u0119ciem reporterskim. <\/p>\n\n\n\n<p>Nagrodzeni w konkursach, uhonorowani otrzymuj\u0105 dyplomy, nagrody a tak\u017ce &#8222;\u0141aziskie Li\u015bcie\u201d, wr\u0119czane podczas presti\u017cowych &#8222;\u015awi\u0119toja\u0144skich Dni \u0141azisk&#8221;. <\/p>\n\n\n\n<p><\/p>\n\n\n\n<p><strong>GRA TERENOWA<\/strong><\/p>\n\n\n\n<p><\/p>\n\n\n\n<p>Gra terenowa cieszy si\u0119 coraz wi\u0119ksz\u0105 popularno\u015bci\u0105. W zawodach bior\u0105 udzia\u0142 uczniowie wszystkich szk\u00f3\u0142 podstawowych \u0141azisk G\u00f3rnych. Zadaniem grup, dru\u017cyn jest dotarcie do punkt\u00f3w oznaczonych na mapie oraz wykonanie zada\u0144 dotycz\u0105cych mi\u0119dzy innymi historii \u0141azisk. Uczestnicy gry wykazuj\u0105 si\u0119 dobr\u0105 orientacj\u0105 w terenie oraz spostrzegawczo\u015bci\u0105, a punkty na mapie to oznaczone najbardziej charakterystyczne obiekty naszego miasta. Rywalizacji towarzysz\u0105 ogromne emocje.<\/p>\n","protected":false},"excerpt":{"rendered":"<p>KONKURSY WIEDZOWE, LITERACKIE, FOTOGRAFICZNE I PLASTYCZNE Celem nadrz\u0119dnym organizowanych przez TP\u0141 konkurs\u00f3w jest upami\u0119tnienie, zachowanie od zapomnienia os\u00f3b zwi\u0105zanych z naszym miastem, lokalnych wydarze\u0144, propagowanie wiedzy o naszej ma\u0142ej ojczy\u017anie i jej historii, uczczenie jubileuszy i wydarze\u0144 wa\u017cnych dla mieszka\u0144c\u00f3w. Dzieje si\u0119 to g\u0142\u00f3wnie poprzez liczne publikacje wydawane przez towarzystwo z pozyskanych \u015brodk\u00f3w. Dzia\u0142alno\u015b\u0107 stowarzyszenia [&hellip;]<\/p>\n","protected":false},"author":1,"featured_media":0,"parent":0,"menu_order":0,"comment_status":"closed","ping_status":"closed","template":"","meta":{"om_disable_all_campaigns":false,"_monsterinsights_skip_tracking":false,"_monsterinsights_sitenote_active":false,"_monsterinsights_sitenote_note":"","_monsterinsights_sitenote_category":0,"ngg_post_thumbnail":0,"footnotes":""},"class_list":["post-69","page","type-page","status-publish","hentry"],"aioseo_notices":[],"_links":{"self":[{"href":"https:\/\/tpl.laziska.pl\/index.php\/wp-json\/wp\/v2\/pages\/69","targetHints":{"allow":["GET"]}}],"collection":[{"href":"https:\/\/tpl.laziska.pl\/index.php\/wp-json\/wp\/v2\/pages"}],"about":[{"href":"https:\/\/tpl.laziska.pl\/index.php\/wp-json\/wp\/v2\/types\/page"}],"author":[{"embeddable":true,"href":"https:\/\/tpl.laziska.pl\/index.php\/wp-json\/wp\/v2\/users\/1"}],"replies":[{"embeddable":true,"href":"https:\/\/tpl.laziska.pl\/index.php\/wp-json\/wp\/v2\/comments?post=69"}],"version-history":[{"count":12,"href":"https:\/\/tpl.laziska.pl\/index.php\/wp-json\/wp\/v2\/pages\/69\/revisions"}],"predecessor-version":[{"id":1402,"href":"https:\/\/tpl.laziska.pl\/index.php\/wp-json\/wp\/v2\/pages\/69\/revisions\/1402"}],"wp:attachment":[{"href":"https:\/\/tpl.laziska.pl\/index.php\/wp-json\/wp\/v2\/media?parent=69"}],"curies":[{"name":"wp","href":"https:\/\/api.w.org\/{rel}","templated":true}]}}