{"id":67,"date":"2022-03-21T19:20:12","date_gmt":"2022-03-21T18:20:12","guid":{"rendered":"https:\/\/tpl.laziska.pl\/?page_id=67"},"modified":"2022-11-19T22:23:31","modified_gmt":"2022-11-19T21:23:31","slug":"publikacje","status":"publish","type":"page","link":"https:\/\/tpl.laziska.pl\/index.php\/publikacje\/","title":{"rendered":"Publikacje"},"content":{"rendered":"\n<p>Z HISTORII \u0141AZISK NA \u0141AMACH PRASY <\/p>\n\n\n\n<p>artyku\u0142y dr Marcina Rudego<\/p>\n\n\n\n<p><\/p>\n\n\n\n<figure class=\"wp-block-image size-large\"><img loading=\"lazy\" decoding=\"async\" width=\"745\" height=\"1024\" src=\"https:\/\/tpl.laziska.pl\/wp-content\/uploads\/2022\/11\/tekst4-2-745x1024.jpg\" alt=\"\" class=\"wp-image-614\" srcset=\"https:\/\/tpl.laziska.pl\/wp-content\/uploads\/2022\/11\/tekst4-2-745x1024.jpg 745w, https:\/\/tpl.laziska.pl\/wp-content\/uploads\/2022\/11\/tekst4-2-218x300.jpg 218w, https:\/\/tpl.laziska.pl\/wp-content\/uploads\/2022\/11\/tekst4-2-768x1056.jpg 768w, https:\/\/tpl.laziska.pl\/wp-content\/uploads\/2022\/11\/tekst4-2-1117x1536.jpg 1117w, https:\/\/tpl.laziska.pl\/wp-content\/uploads\/2022\/11\/tekst4-2-1489x2048.jpg 1489w, https:\/\/tpl.laziska.pl\/wp-content\/uploads\/2022\/11\/tekst4-2.jpg 1700w\" sizes=\"auto, (max-width: 745px) 100vw, 745px\" \/><\/figure>\n\n\n\n<p><\/p>\n\n\n\n<figure class=\"wp-block-image size-large\"><img loading=\"lazy\" decoding=\"async\" width=\"745\" height=\"1024\" src=\"https:\/\/tpl.laziska.pl\/wp-content\/uploads\/2022\/11\/tekst4-745x1024.jpg\" alt=\"\" class=\"wp-image-578\" srcset=\"https:\/\/tpl.laziska.pl\/wp-content\/uploads\/2022\/11\/tekst4-745x1024.jpg 745w, https:\/\/tpl.laziska.pl\/wp-content\/uploads\/2022\/11\/tekst4-218x300.jpg 218w, https:\/\/tpl.laziska.pl\/wp-content\/uploads\/2022\/11\/tekst4-768x1056.jpg 768w, https:\/\/tpl.laziska.pl\/wp-content\/uploads\/2022\/11\/tekst4-1117x1536.jpg 1117w, https:\/\/tpl.laziska.pl\/wp-content\/uploads\/2022\/11\/tekst4-1489x2048.jpg 1489w, https:\/\/tpl.laziska.pl\/wp-content\/uploads\/2022\/11\/tekst4.jpg 1700w\" sizes=\"auto, (max-width: 745px) 100vw, 745px\" \/><\/figure>\n\n\n\n<p><\/p>\n\n\n\n<div data-wp-interactive=\"core\/file\" class=\"wp-block-file\"><object data-wp-bind--hidden=\"!state.hasPdfPreview\" hidden class=\"wp-block-file__embed\" data=\"https:\/\/tpl.laziska.pl\/wp-content\/uploads\/2022\/10\/15.08.2022-13_31-Microsoft-Lens1.pdf\" type=\"application\/pdf\" style=\"width:100%;height:600px\" aria-label=\"Osadzone z 15.08.2022-13_31-Microsoft-Lens1.\"><\/object><a id=\"wp-block-file--media-1f50cfee-d140-4520-94e3-56e156d62deb\" href=\"https:\/\/tpl.laziska.pl\/wp-content\/uploads\/2022\/10\/15.08.2022-13_31-Microsoft-Lens1.pdf\">15.08.2022-13_31-Microsoft-Lens1<\/a><a href=\"https:\/\/tpl.laziska.pl\/wp-content\/uploads\/2022\/10\/15.08.2022-13_31-Microsoft-Lens1.pdf\" class=\"wp-block-file__button wp-element-button\" download aria-describedby=\"wp-block-file--media-1f50cfee-d140-4520-94e3-56e156d62deb\">Pobierz<\/a><\/div>\n\n\n\n<div data-wp-interactive=\"core\/file\" class=\"wp-block-file\"><object data-wp-bind--hidden=\"!state.hasPdfPreview\" hidden class=\"wp-block-file__embed\" data=\"https:\/\/tpl.laziska.pl\/wp-content\/uploads\/2022\/10\/15.08.2022-13_31-Microsoft-Lens.pdf\" type=\"application\/pdf\" style=\"width:100%;height:600px\" aria-label=\"Osadzone z 15.08.2022-13_31-Microsoft-Lens.\"><\/object><a id=\"wp-block-file--media-e8816eb5-a4e8-4f69-a139-3b793e175704\" href=\"https:\/\/tpl.laziska.pl\/wp-content\/uploads\/2022\/10\/15.08.2022-13_31-Microsoft-Lens.pdf\">15.08.2022-13_31-Microsoft-Lens<\/a><a href=\"https:\/\/tpl.laziska.pl\/wp-content\/uploads\/2022\/10\/15.08.2022-13_31-Microsoft-Lens.pdf\" class=\"wp-block-file__button wp-element-button\" download aria-describedby=\"wp-block-file--media-e8816eb5-a4e8-4f69-a139-3b793e175704\">Pobierz<\/a><\/div>\n\n\n\n<div data-wp-interactive=\"core\/file\" class=\"wp-block-file\"><object data-wp-bind--hidden=\"!state.hasPdfPreview\" hidden class=\"wp-block-file__embed\" data=\"https:\/\/tpl.laziska.pl\/wp-content\/uploads\/2022\/10\/15.08.2022-13_32-Microsoft-Lens.pdf\" type=\"application\/pdf\" style=\"width:100%;height:600px\" aria-label=\"Osadzone z 15.08.2022-13_32-Microsoft-Lens.\"><\/object><a id=\"wp-block-file--media-9b8769f4-3902-480c-a3e8-89b1c5250d45\" href=\"https:\/\/tpl.laziska.pl\/wp-content\/uploads\/2022\/10\/15.08.2022-13_32-Microsoft-Lens.pdf\">15.08.2022-13_32-Microsoft-Lens<\/a><a href=\"https:\/\/tpl.laziska.pl\/wp-content\/uploads\/2022\/10\/15.08.2022-13_32-Microsoft-Lens.pdf\" class=\"wp-block-file__button wp-element-button\" download aria-describedby=\"wp-block-file--media-9b8769f4-3902-480c-a3e8-89b1c5250d45\">Pobierz<\/a><\/div>\n\n\n\n<div data-wp-interactive=\"core\/file\" class=\"wp-block-file\"><object data-wp-bind--hidden=\"!state.hasPdfPreview\" hidden class=\"wp-block-file__embed\" data=\"https:\/\/tpl.laziska.pl\/wp-content\/uploads\/2022\/10\/15.08.2022-13_33-Microsoft-Lens1.pdf\" type=\"application\/pdf\" style=\"width:100%;height:600px\" aria-label=\"Osadzone z 15.08.2022-13_33-Microsoft-Lens1.\"><\/object><a id=\"wp-block-file--media-bb50f539-9b48-4b31-8dd8-5be66f7f7698\" href=\"https:\/\/tpl.laziska.pl\/wp-content\/uploads\/2022\/10\/15.08.2022-13_33-Microsoft-Lens1.pdf\">15.08.2022-13_33-Microsoft-Lens1<\/a><a href=\"https:\/\/tpl.laziska.pl\/wp-content\/uploads\/2022\/10\/15.08.2022-13_33-Microsoft-Lens1.pdf\" class=\"wp-block-file__button wp-element-button\" download aria-describedby=\"wp-block-file--media-bb50f539-9b48-4b31-8dd8-5be66f7f7698\">Pobierz<\/a><\/div>\n\n\n\n<div data-wp-interactive=\"core\/file\" class=\"wp-block-file\"><object data-wp-bind--hidden=\"!state.hasPdfPreview\" hidden class=\"wp-block-file__embed\" data=\"https:\/\/tpl.laziska.pl\/wp-content\/uploads\/2022\/10\/15.08.2022-13_33-Microsoft-Lens.pdf\" type=\"application\/pdf\" style=\"width:100%;height:600px\" aria-label=\"Osadzone z 15.08.2022-13_33-Microsoft-Lens.\"><\/object><a id=\"wp-block-file--media-bd6b9364-e435-4554-bd41-fcc19f484629\" href=\"https:\/\/tpl.laziska.pl\/wp-content\/uploads\/2022\/10\/15.08.2022-13_33-Microsoft-Lens.pdf\">15.08.2022-13_33-Microsoft-Lens<\/a><a href=\"https:\/\/tpl.laziska.pl\/wp-content\/uploads\/2022\/10\/15.08.2022-13_33-Microsoft-Lens.pdf\" class=\"wp-block-file__button wp-element-button\" download aria-describedby=\"wp-block-file--media-bd6b9364-e435-4554-bd41-fcc19f484629\">Pobierz<\/a><\/div>\n\n\n\n<div data-wp-interactive=\"core\/file\" class=\"wp-block-file\"><object data-wp-bind--hidden=\"!state.hasPdfPreview\" hidden class=\"wp-block-file__embed\" data=\"https:\/\/tpl.laziska.pl\/wp-content\/uploads\/2022\/10\/15.08.2022-13_27-Microsoft-Lens-1.pdf\" type=\"application\/pdf\" style=\"width:100%;height:600px\" aria-label=\"Osadzone z 15.08.2022-13_27-Microsoft-Lens-1.\"><\/object><a id=\"wp-block-file--media-b9abbfee-7650-4df8-8daa-bbc1df7be4d0\" href=\"https:\/\/tpl.laziska.pl\/wp-content\/uploads\/2022\/10\/15.08.2022-13_27-Microsoft-Lens-1.pdf\">15.08.2022-13_27-Microsoft-Lens-1<\/a><a href=\"https:\/\/tpl.laziska.pl\/wp-content\/uploads\/2022\/10\/15.08.2022-13_27-Microsoft-Lens-1.pdf\" class=\"wp-block-file__button wp-element-button\" download aria-describedby=\"wp-block-file--media-b9abbfee-7650-4df8-8daa-bbc1df7be4d0\">Pobierz<\/a><\/div>\n\n\n\n<div data-wp-interactive=\"core\/file\" class=\"wp-block-file\"><object data-wp-bind--hidden=\"!state.hasPdfPreview\" hidden class=\"wp-block-file__embed\" data=\"https:\/\/tpl.laziska.pl\/wp-content\/uploads\/2022\/10\/15.08.2022-13_28-Microsoft-Lens.pdf\" type=\"application\/pdf\" style=\"width:100%;height:600px\" aria-label=\"Osadzone z 15.08.2022-13_28-Microsoft-Lens.\"><\/object><a id=\"wp-block-file--media-ce8d3e57-fb5b-47e6-9966-3e9884ff3114\" href=\"https:\/\/tpl.laziska.pl\/wp-content\/uploads\/2022\/10\/15.08.2022-13_28-Microsoft-Lens.pdf\">15.08.2022-13_28-Microsoft-Lens<\/a><a href=\"https:\/\/tpl.laziska.pl\/wp-content\/uploads\/2022\/10\/15.08.2022-13_28-Microsoft-Lens.pdf\" class=\"wp-block-file__button wp-element-button\" download aria-describedby=\"wp-block-file--media-ce8d3e57-fb5b-47e6-9966-3e9884ff3114\">Pobierz<\/a><\/div>\n\n\n\n<div data-wp-interactive=\"core\/file\" class=\"wp-block-file\"><object data-wp-bind--hidden=\"!state.hasPdfPreview\" hidden class=\"wp-block-file__embed\" data=\"https:\/\/tpl.laziska.pl\/wp-content\/uploads\/2022\/10\/15.08.2022-13_29-Microsoft-Lens.pdf\" type=\"application\/pdf\" style=\"width:100%;height:600px\" aria-label=\"Osadzone z 15.08.2022-13_29-Microsoft-Lens.\"><\/object><a id=\"wp-block-file--media-ec3ff10a-93a0-43ca-891b-c1119da9699e\" href=\"https:\/\/tpl.laziska.pl\/wp-content\/uploads\/2022\/10\/15.08.2022-13_29-Microsoft-Lens.pdf\">15.08.2022-13_29-Microsoft-Lens<\/a><a href=\"https:\/\/tpl.laziska.pl\/wp-content\/uploads\/2022\/10\/15.08.2022-13_29-Microsoft-Lens.pdf\" class=\"wp-block-file__button wp-element-button\" download aria-describedby=\"wp-block-file--media-ec3ff10a-93a0-43ca-891b-c1119da9699e\">Pobierz<\/a><\/div>\n\n\n\n<div data-wp-interactive=\"core\/file\" class=\"wp-block-file\"><object data-wp-bind--hidden=\"!state.hasPdfPreview\" hidden class=\"wp-block-file__embed\" data=\"https:\/\/tpl.laziska.pl\/wp-content\/uploads\/2022\/10\/15.08.2022-13_30-Microsoft-Lens1.pdf\" type=\"application\/pdf\" style=\"width:100%;height:600px\" aria-label=\"Osadzone z 15.08.2022-13_30-Microsoft-Lens1.\"><\/object><a id=\"wp-block-file--media-702276b5-975b-4645-a475-0c7eade8ddc1\" href=\"https:\/\/tpl.laziska.pl\/wp-content\/uploads\/2022\/10\/15.08.2022-13_30-Microsoft-Lens1.pdf\">15.08.2022-13_30-Microsoft-Lens1<\/a><a href=\"https:\/\/tpl.laziska.pl\/wp-content\/uploads\/2022\/10\/15.08.2022-13_30-Microsoft-Lens1.pdf\" class=\"wp-block-file__button wp-element-button\" download aria-describedby=\"wp-block-file--media-702276b5-975b-4645-a475-0c7eade8ddc1\">Pobierz<\/a><\/div>\n\n\n\n<div data-wp-interactive=\"core\/file\" class=\"wp-block-file\"><object data-wp-bind--hidden=\"!state.hasPdfPreview\" hidden class=\"wp-block-file__embed\" data=\"https:\/\/tpl.laziska.pl\/wp-content\/uploads\/2022\/10\/15.08.2022-13_30-Microsoft-Lens.pdf\" type=\"application\/pdf\" style=\"width:100%;height:600px\" aria-label=\"Osadzone z 15.08.2022-13_30-Microsoft-Lens.\"><\/object><a id=\"wp-block-file--media-a50213e6-233f-406e-906c-6506f99aa111\" href=\"https:\/\/tpl.laziska.pl\/wp-content\/uploads\/2022\/10\/15.08.2022-13_30-Microsoft-Lens.pdf\">15.08.2022-13_30-Microsoft-Lens<\/a><a href=\"https:\/\/tpl.laziska.pl\/wp-content\/uploads\/2022\/10\/15.08.2022-13_30-Microsoft-Lens.pdf\" class=\"wp-block-file__button wp-element-button\" download aria-describedby=\"wp-block-file--media-a50213e6-233f-406e-906c-6506f99aa111\">Pobierz<\/a><\/div>\n\n\n\n<p><\/p>\n\n\n\n<figure class=\"wp-block-gallery has-nested-images columns-default is-cropped wp-block-gallery-1 is-layout-flex wp-block-gallery-is-layout-flex\">\n<figure class=\"wp-block-image size-large\"><img loading=\"lazy\" decoding=\"async\" width=\"745\" height=\"1024\" data-id=\"535\" src=\"https:\/\/tpl.laziska.pl\/wp-content\/uploads\/2022\/10\/bibl-1-745x1024.jpg\" alt=\"\" class=\"wp-image-535\" srcset=\"https:\/\/tpl.laziska.pl\/wp-content\/uploads\/2022\/10\/bibl-1-745x1024.jpg 745w, https:\/\/tpl.laziska.pl\/wp-content\/uploads\/2022\/10\/bibl-1-218x300.jpg 218w, https:\/\/tpl.laziska.pl\/wp-content\/uploads\/2022\/10\/bibl-1-768x1056.jpg 768w, https:\/\/tpl.laziska.pl\/wp-content\/uploads\/2022\/10\/bibl-1-1117x1536.jpg 1117w, https:\/\/tpl.laziska.pl\/wp-content\/uploads\/2022\/10\/bibl-1-1489x2048.jpg 1489w, https:\/\/tpl.laziska.pl\/wp-content\/uploads\/2022\/10\/bibl-1.jpg 1700w\" sizes=\"auto, (max-width: 745px) 100vw, 745px\" \/><\/figure>\n<\/figure>\n\n\n\n<p>WYDAWNICTWA TOWARZYSTWA<\/p>\n\n\n\n<figure class=\"wp-block-table\"><table><tbody><tr><td>Stare poczt\u00f3wki ze zbior\u00f3w F. Le\u015bniewskiego i J. Czempy  &#8222;\u0141aziska dawniej i dzi\u015b&#8221;, rok wyd. 2001<\/td><\/tr><tr><td>Broszura \u201eOcalmy od zapomnienia\u201d, rok wyd. 2002<\/td><\/tr><tr><td>\u015awiadkowie naszej historii w fotografii,  rok wyd. 2004<\/td><\/tr><tr><td>P\u0142yta \u201eHejna\u0142 Miasta \u0141aziska G\u00f3rne&#8221;, rok wyd. 2004<\/td><\/tr><tr><td>P\u0142yta CD \u201eHejna\u0142 Miasta \u0141aziska G\u00f3rne&#8221;, rok wyd. 2006<\/td><\/tr><tr><td>&nbsp;Wydawnictwo \u201e\u0141askawy \u017cywot kulawego Gustka&#8221;, rok wyd. 2007<\/td><\/tr><tr><td>&#8222;\u0141aziskie anegdoty g\u00f3rnicze&#8221;, rok wyd. 2008<\/td><\/tr><tr><td>Zestaw widok\u00f3wek \u201e\u0141aziska G\u00f3rne \u2013 dawniej\u201d, rok wyd. 2008<\/td><\/tr><tr><td>P\u0142yta DVD \u201e\u0141aziska G\u00f3rne o historii \u2026 i nie tylko\u201d, rok wyd. 2009<\/td><\/tr><tr><td>Znani i nieznani. \u0141aziskie biografie, rok wyd. 2009<\/td><\/tr><tr><td>Broszura \u201eNasi przodkowie\u201d, rok wyd. 2009<\/td><\/tr><tr><td>Zestaw widok\u00f3wek, rok wyd. 2011 &nbsp;<\/td><\/tr><tr><td>Broszura \u201eMy i nasi przodkowie \u2013 edycja II\u201d, rok wyd. 2010&nbsp;<\/td><\/tr><tr><td>Broszura \u201eMY i nasi przodkowie\u201d, rok wyd. 2011<\/td><\/tr><tr><td>Zestaw widok\u00f3wek \u201e\u0141aziska G\u00f3rne \u2013 dzi\u015b\u201d, cz. 1, rok wyd. 2012&nbsp;<\/td><\/tr><tr><td>Zestaw widok\u00f3wek \u201e\u0141aziska G\u00f3rne \u2013 dzi\u015b\u201d cz. 2, rok wyd. 2012<\/td><\/tr><tr><td>Broszura \u201eMy z turnieju poezji i konkursu literackiego\u201d, rok wyd. 2013<\/td><\/tr><tr><td>Zestaw widok\u00f3wek \u201e\u0141aziska G\u00f3rne \u2013 dzi\u015b\u201d cz. 3, rok wyd. 2013<\/td><\/tr><tr><td>Broszura \u201eNasze miasto w obrazach plastyk\u00f3w amator\u00f3w\u201d, rok wyd. 2013<\/td><\/tr><tr><td>Pami\u0105tkowa Ksi\u0119ga Kombatant\u00f3w, rok wyd. 2014<\/td><\/tr><tr><td>Broszura &#8211; Prace III Konkursu Poetyckiego oraz IV Konkursu Literackiego, rok wyd. 2015<\/td><\/tr><tr><td>\u0141aziska G\u00f3rne &#8211; \u015bl\u0105skie i nowoczesne, rok. wyd. 2016<\/td><\/tr><tr><td>Zestaw poczt\u00f3wek &#8222;Ekologiczne \u0141aziska&#8221;, rok. wyd. 2017<\/td><\/tr><tr><td>Kopalnia Martha Valeska &#8211; Martha Valeska ulica, rok wyd. 2018<\/td><\/tr><tr><td>Zestaw widok\u00f3wek, rok wyd. 2018<\/td><\/tr><tr><td>\u0141aziska G\u00f3rne we wspomnieniach mieszka\u0144c\u00f3w, rok wyd. 2018<\/td><\/tr><tr><td>Zestaw poczt\u00f3wek &#8222;240 lat g\u00f3rnictwa na terenie \u0141azisk G\u00f3rnych&#8221;  rok wyd. 2019<\/td><\/tr><tr><td>Wznowienie poczt\u00f3wek &#8222;Ekologiczne \u0141aziska&#8221;, rok wyd. 2019<\/td><\/tr><tr><td>Poczt\u00f3wki okoliczno\u015bciowe &#8222;\u015aw. Jan&#8221;,  rok wyd. 2020<\/td><\/tr><tr><td>Broszura i ksi\u0105\u017cka &#8222;200 lat Jana Ewangelisty na Wierzysku&#8221;,  rok wyd. 2020<\/td><\/tr><tr><td>Zestaw poczt\u00f3wek &#8222;\u0141aziska G\u00f3rne &#8211; tak si\u0119 zmieni\u0142o&#8221;, rok wyd. 2021<\/td><\/tr><tr><td>Kalendarz na rok 2022<\/td><\/tr><tr><td>Broszura &#8222;\u0141aziskie inspiracje architektur\u0105&#8221;, rok wyd. 2021<\/td><\/tr><\/tbody><\/table><\/figure>\n\n\n\n\n\n<p><\/p>\n\n\n\n<p><\/p>\n","protected":false},"excerpt":{"rendered":"<p>Z HISTORII \u0141AZISK NA \u0141AMACH PRASY artyku\u0142y dr Marcina Rudego WYDAWNICTWA TOWARZYSTWA Stare poczt\u00f3wki ze zbior\u00f3w F. Le\u015bniewskiego i J. Czempy &#8222;\u0141aziska dawniej i dzi\u015b&#8221;, rok wyd. 2001 Broszura \u201eOcalmy od zapomnienia\u201d, rok wyd. 2002 \u015awiadkowie naszej historii w fotografii, rok wyd. 2004 P\u0142yta \u201eHejna\u0142 Miasta \u0141aziska G\u00f3rne&#8221;, rok wyd. 2004 P\u0142yta CD \u201eHejna\u0142 Miasta [&hellip;]<\/p>\n","protected":false},"author":1,"featured_media":0,"parent":0,"menu_order":0,"comment_status":"closed","ping_status":"closed","template":"","meta":{"om_disable_all_campaigns":false,"_monsterinsights_skip_tracking":false,"_monsterinsights_sitenote_active":false,"_monsterinsights_sitenote_note":"","_monsterinsights_sitenote_category":0,"ngg_post_thumbnail":0,"footnotes":""},"class_list":["post-67","page","type-page","status-publish","hentry"],"aioseo_notices":[],"_links":{"self":[{"href":"https:\/\/tpl.laziska.pl\/index.php\/wp-json\/wp\/v2\/pages\/67","targetHints":{"allow":["GET"]}}],"collection":[{"href":"https:\/\/tpl.laziska.pl\/index.php\/wp-json\/wp\/v2\/pages"}],"about":[{"href":"https:\/\/tpl.laziska.pl\/index.php\/wp-json\/wp\/v2\/types\/page"}],"author":[{"embeddable":true,"href":"https:\/\/tpl.laziska.pl\/index.php\/wp-json\/wp\/v2\/users\/1"}],"replies":[{"embeddable":true,"href":"https:\/\/tpl.laziska.pl\/index.php\/wp-json\/wp\/v2\/comments?post=67"}],"version-history":[{"count":12,"href":"https:\/\/tpl.laziska.pl\/index.php\/wp-json\/wp\/v2\/pages\/67\/revisions"}],"predecessor-version":[{"id":615,"href":"https:\/\/tpl.laziska.pl\/index.php\/wp-json\/wp\/v2\/pages\/67\/revisions\/615"}],"wp:attachment":[{"href":"https:\/\/tpl.laziska.pl\/index.php\/wp-json\/wp\/v2\/media?parent=67"}],"curies":[{"name":"wp","href":"https:\/\/api.w.org\/{rel}","templated":true}]}}