{"id":60,"date":"2022-03-21T19:19:31","date_gmt":"2022-03-21T18:19:31","guid":{"rendered":"https:\/\/tpl.laziska.pl\/?page_id=60"},"modified":"2022-10-21T00:23:17","modified_gmt":"2022-10-20T22:23:17","slug":"zarzad","status":"publish","type":"page","link":"https:\/\/tpl.laziska.pl\/index.php\/zarzad\/","title":{"rendered":"Zarz\u0105d"},"content":{"rendered":"\n<p>Od maja 2022 roku w sk\u0142ad zarz\u0105du wchodz\u0105<\/p>\n\n\n\n<p>Przewodnicz\u0105ca &#8211; Monika Kukla<\/p>\n\n\n\n<p>Zast\u0119pca przewodnicz\u0105cej &#8211; Marcin Rudy<\/p>\n\n\n\n<p>Sekretarz &#8211; Aleksandra Hanus<\/p>\n\n\n\n<p>Skarbnik &#8211; Michalina \u0141uba<\/p>\n\n\n\n<p>Zast\u0119pca skarbnika &#8211; Kazimiera Lytek <\/p>\n","protected":false},"excerpt":{"rendered":"<p>Od maja 2022 roku w sk\u0142ad zarz\u0105du wchodz\u0105 Przewodnicz\u0105ca &#8211; Monika Kukla Zast\u0119pca przewodnicz\u0105cej &#8211; Marcin Rudy Sekretarz &#8211; Aleksandra Hanus Skarbnik &#8211; Michalina \u0141uba Zast\u0119pca skarbnika &#8211; Kazimiera Lytek<\/p>\n","protected":false},"author":1,"featured_media":0,"parent":0,"menu_order":0,"comment_status":"closed","ping_status":"closed","template":"","meta":{"om_disable_all_campaigns":false,"_monsterinsights_skip_tracking":false,"_monsterinsights_sitenote_active":false,"_monsterinsights_sitenote_note":"","_monsterinsights_sitenote_category":0,"ngg_post_thumbnail":0,"footnotes":""},"class_list":["post-60","page","type-page","status-publish","hentry"],"aioseo_notices":[],"_links":{"self":[{"href":"https:\/\/tpl.laziska.pl\/index.php\/wp-json\/wp\/v2\/pages\/60","targetHints":{"allow":["GET"]}}],"collection":[{"href":"https:\/\/tpl.laziska.pl\/index.php\/wp-json\/wp\/v2\/pages"}],"about":[{"href":"https:\/\/tpl.laziska.pl\/index.php\/wp-json\/wp\/v2\/types\/page"}],"author":[{"embeddable":true,"href":"https:\/\/tpl.laziska.pl\/index.php\/wp-json\/wp\/v2\/users\/1"}],"replies":[{"embeddable":true,"href":"https:\/\/tpl.laziska.pl\/index.php\/wp-json\/wp\/v2\/comments?post=60"}],"version-history":[{"count":3,"href":"https:\/\/tpl.laziska.pl\/index.php\/wp-json\/wp\/v2\/pages\/60\/revisions"}],"predecessor-version":[{"id":515,"href":"https:\/\/tpl.laziska.pl\/index.php\/wp-json\/wp\/v2\/pages\/60\/revisions\/515"}],"wp:attachment":[{"href":"https:\/\/tpl.laziska.pl\/index.php\/wp-json\/wp\/v2\/media?parent=60"}],"curies":[{"name":"wp","href":"https:\/\/api.w.org\/{rel}","templated":true}]}}