{"id":420,"date":"2022-10-20T22:16:26","date_gmt":"2022-10-20T20:16:26","guid":{"rendered":"https:\/\/tpl.laziska.pl\/?page_id=420"},"modified":"2025-12-05T16:21:52","modified_gmt":"2025-12-05T15:21:52","slug":"laziskie-sciezki-historyczne","status":"publish","type":"page","link":"https:\/\/tpl.laziska.pl\/index.php\/laziskie-sciezki-historyczne\/","title":{"rendered":"\u0141aziskie \u015bcie\u017cki historyczne"},"content":{"rendered":"\n<p><strong>\u201e\u0141aziskie \u015bcie\u017cki historyczne\u201d <\/strong>to nazwa cyklicznych spotka\u0144 organizowanych przez Towarzystwo Przyjaci\u00f3\u0142 \u0141azisk. <\/p>\n\n\n\n<p>Pierwsze z nich odby\u0142o si\u0119 <strong>10 wrze\u015bnia 2022 r.<\/strong> Grupa sympatyk\u00f3w TP\u0141 odby\u0142a spacer wzd\u0142u\u017c przygotowanej przez pana <strong>Arkadiusza Otr\u0119b\u0119<\/strong>, cz\u0142onka Towarzystwa Przyjaci\u00f3\u0142 \u0141azisk, trasy, opartej na wa\u017cnych dla \u0141azisk \u015arednich punktach \u2013 miejscach i obiektach. Kolejne spotkanie poprowadzi\u0142 <strong>dr Marcin Rudy<\/strong>, przybli\u017caj\u0105c histori\u0119 \u0142aziskiej parafii. Prowadz\u0105cy spotkania zainspirowali uczestnik\u00f3w do zg\u0142\u0119biania wiedzy na temat naszego miasta, wzbogacaj\u0105c rysem historycznym opowie\u015bci o ogl\u0105danych miejscach.<\/p>\n\n\n\n<p><\/p>\n\n\n\n<p><strong>Drugi spacer historyczny <\/strong>za nami&#8230;<\/p>\n\n\n\n<p><strong>24 wrze\u015bnia 2022 r. o godz.10.00 kolejne spotkanie<\/strong> w terenie&#8230; Pod przewodnictwem pana <strong>Marcina Rudego<\/strong> grupa pozytywnie zakr\u0119conych mi\u0142o\u015bnik\u00f3w miasta wybra\u0142a si\u0119 na kolejny przedpo\u0142udniowy sentymentalny spacer. Tematem przewodnim by\u0142a \u0142aziska parafia, ale informacje &#8211; oczywi\u015bcie &#8211; wykracza\u0142y szeroko poza jej histori\u0119. Tym razem odleg\u0142o\u015b\u0107 do pokonania nie by\u0142a imponuj\u0105ca, ale za to okraszona licznymi ciekawostkami oraz materia\u0142ami ilustruj\u0105cymi wygl\u0105d mijanych i zwiedzanych miejsc przed wielu, wielu laty. Je\u015bli chcecie wiedzie\u0107, dlaczego &#8230; &#8222;U frel\u00f3w&#8221;&#8230; , gdzie znajdowa\u0142 si\u0119 w mie\u015bcie klasztor&#8230;, i gdzie rezydowa\u0142 \u017babka&#8230; Zapraszamy na kolejny<strong> spacer historyczny<\/strong>. Fotografie odnajdziesz w galerii. <\/p>\n\n\n\n<p>Zapraszamy serdecznie na kolejne przechadzki po \u0142aziskich \u015bcie\u017ckach &#8211; sp\u0119dzisz czas w mi\u0142ym towarzystwie, poznaj\u0105c tajemnice \u0141azisk. <\/p>\n\n\n\n<figure class=\"wp-block-gallery has-nested-images columns-default is-cropped wp-block-gallery-1 is-layout-flex wp-block-gallery-is-layout-flex\">\n<figure class=\"wp-block-image size-large\"><img loading=\"lazy\" decoding=\"async\" width=\"1920\" height=\"2560\" data-id=\"405\" src=\"https:\/\/tpl.laziska.pl\/wp-content\/uploads\/2022\/09\/20220924_102138-scaled.jpg\" alt=\"\" class=\"wp-image-405\" srcset=\"https:\/\/tpl.laziska.pl\/wp-content\/uploads\/2022\/09\/20220924_102138-scaled.jpg 1920w, https:\/\/tpl.laziska.pl\/wp-content\/uploads\/2022\/09\/20220924_102138-225x300.jpg 225w, https:\/\/tpl.laziska.pl\/wp-content\/uploads\/2022\/09\/20220924_102138-768x1024.jpg 768w, https:\/\/tpl.laziska.pl\/wp-content\/uploads\/2022\/09\/20220924_102138-1152x1536.jpg 1152w, https:\/\/tpl.laziska.pl\/wp-content\/uploads\/2022\/09\/20220924_102138-1536x2048.jpg 1536w\" sizes=\"auto, (max-width: 1920px) 100vw, 1920px\" \/><\/figure>\n\n\n\n<figure class=\"wp-block-image size-large\"><img loading=\"lazy\" decoding=\"async\" width=\"2560\" height=\"1920\" data-id=\"408\" src=\"https:\/\/tpl.laziska.pl\/wp-content\/uploads\/2022\/09\/20220924_104950-scaled.jpg\" alt=\"\" class=\"wp-image-408\" srcset=\"https:\/\/tpl.laziska.pl\/wp-content\/uploads\/2022\/09\/20220924_104950-scaled.jpg 2560w, https:\/\/tpl.laziska.pl\/wp-content\/uploads\/2022\/09\/20220924_104950-300x225.jpg 300w, https:\/\/tpl.laziska.pl\/wp-content\/uploads\/2022\/09\/20220924_104950-1024x768.jpg 1024w, https:\/\/tpl.laziska.pl\/wp-content\/uploads\/2022\/09\/20220924_104950-768x576.jpg 768w, https:\/\/tpl.laziska.pl\/wp-content\/uploads\/2022\/09\/20220924_104950-1536x1152.jpg 1536w, https:\/\/tpl.laziska.pl\/wp-content\/uploads\/2022\/09\/20220924_104950-2048x1536.jpg 2048w\" sizes=\"auto, (max-width: 2560px) 100vw, 2560px\" \/><\/figure>\n\n\n\n<figure class=\"wp-block-image size-large\"><img loading=\"lazy\" decoding=\"async\" width=\"2560\" height=\"1920\" data-id=\"406\" src=\"https:\/\/tpl.laziska.pl\/wp-content\/uploads\/2022\/09\/20220924_102703-scaled.jpg\" alt=\"\" class=\"wp-image-406\" srcset=\"https:\/\/tpl.laziska.pl\/wp-content\/uploads\/2022\/09\/20220924_102703-scaled.jpg 2560w, https:\/\/tpl.laziska.pl\/wp-content\/uploads\/2022\/09\/20220924_102703-300x225.jpg 300w, https:\/\/tpl.laziska.pl\/wp-content\/uploads\/2022\/09\/20220924_102703-1024x768.jpg 1024w, https:\/\/tpl.laziska.pl\/wp-content\/uploads\/2022\/09\/20220924_102703-768x576.jpg 768w, https:\/\/tpl.laziska.pl\/wp-content\/uploads\/2022\/09\/20220924_102703-1536x1152.jpg 1536w, https:\/\/tpl.laziska.pl\/wp-content\/uploads\/2022\/09\/20220924_102703-2048x1536.jpg 2048w\" sizes=\"auto, (max-width: 2560px) 100vw, 2560px\" \/><\/figure>\n\n\n\n<figure class=\"wp-block-image size-large\"><img loading=\"lazy\" decoding=\"async\" width=\"2048\" height=\"1536\" data-id=\"386\" src=\"https:\/\/tpl.laziska.pl\/wp-content\/uploads\/2022\/09\/IMG-20220910-WA0056.jpg\" alt=\"\" class=\"wp-image-386\" srcset=\"https:\/\/tpl.laziska.pl\/wp-content\/uploads\/2022\/09\/IMG-20220910-WA0056.jpg 2048w, https:\/\/tpl.laziska.pl\/wp-content\/uploads\/2022\/09\/IMG-20220910-WA0056-300x225.jpg 300w, https:\/\/tpl.laziska.pl\/wp-content\/uploads\/2022\/09\/IMG-20220910-WA0056-1024x768.jpg 1024w, https:\/\/tpl.laziska.pl\/wp-content\/uploads\/2022\/09\/IMG-20220910-WA0056-768x576.jpg 768w, https:\/\/tpl.laziska.pl\/wp-content\/uploads\/2022\/09\/IMG-20220910-WA0056-1536x1152.jpg 1536w\" sizes=\"auto, (max-width: 2048px) 100vw, 2048px\" \/><\/figure>\n<\/figure>\n\n\n\n<p><\/p>\n\n\n\n<p><strong>21 wrze\u015bnia 2024<\/strong> Obszar Warowny \u015al\u0105sk by\u0142 tematem \u015bcie\u017cki historycznej, kt\u00f3r\u0105 dla mi\u0142o\u015bnik\u00f3w lokalnej historii poprowadzi\u0142 wczoraj Arkadiusz Otr\u0119ba.<\/p>\n\n\n\n<p><\/p>\n\n\n\n<p><strong>19 pa\u017adziernika 2024<\/strong> Kolejna&nbsp; \u015bcie\u017cka historyczna. Wspania\u0142a pogoda i ciekawe opowie\u015bci dr Marcina Rudego.<\/p>\n\n\n\n<p><\/p>\n\n\n\n<p>Za nami <strong>kolejne edycje \u015bcie\u017cek<\/strong> &#8211; i te, w kt\u00f3rych udzia\u0142 brali mieszka\u0144cy miasta, a przede wszystkim te, w kt\u00f3rych uczestniczyli najm\u0142odsi. Dzia\u0142o si\u0119 to w ramach realizowanych projekt\u00f3w dla najm\u0142odszych. &#8222;<strong>\u0141aziskie tajemnice<\/strong>&#8221; odkrywane s\u0105 za spraw\u0105 naszych cudownych przewodnik\u00f3w po \u0141aziskach&#8230; dzi\u0119kujemy <\/p>\n\n\n\n<p><\/p>\n\n\n\n<p><strong>21 czerwca  2025 roku<\/strong> odby\u0142a si\u0119 kolejna \u015bcie\u017cka historyczna poprowadzona przez dra Marcina Rudego. <\/p>\n","protected":false},"excerpt":{"rendered":"<p>\u201e\u0141aziskie \u015bcie\u017cki historyczne\u201d to nazwa cyklicznych spotka\u0144 organizowanych przez Towarzystwo Przyjaci\u00f3\u0142 \u0141azisk. Pierwsze z nich odby\u0142o si\u0119 10 wrze\u015bnia 2022 r. Grupa sympatyk\u00f3w TP\u0141 odby\u0142a spacer wzd\u0142u\u017c przygotowanej przez pana Arkadiusza Otr\u0119b\u0119, cz\u0142onka Towarzystwa Przyjaci\u00f3\u0142 \u0141azisk, trasy, opartej na wa\u017cnych dla \u0141azisk \u015arednich punktach \u2013 miejscach i obiektach. Kolejne spotkanie poprowadzi\u0142 dr Marcin Rudy, przybli\u017caj\u0105c [&hellip;]<\/p>\n","protected":false},"author":1,"featured_media":0,"parent":0,"menu_order":0,"comment_status":"closed","ping_status":"closed","template":"","meta":{"om_disable_all_campaigns":false,"_monsterinsights_skip_tracking":false,"_monsterinsights_sitenote_active":false,"_monsterinsights_sitenote_note":"","_monsterinsights_sitenote_category":0,"ngg_post_thumbnail":0,"footnotes":""},"class_list":["post-420","page","type-page","status-publish","hentry"],"aioseo_notices":[],"_links":{"self":[{"href":"https:\/\/tpl.laziska.pl\/index.php\/wp-json\/wp\/v2\/pages\/420","targetHints":{"allow":["GET"]}}],"collection":[{"href":"https:\/\/tpl.laziska.pl\/index.php\/wp-json\/wp\/v2\/pages"}],"about":[{"href":"https:\/\/tpl.laziska.pl\/index.php\/wp-json\/wp\/v2\/types\/page"}],"author":[{"embeddable":true,"href":"https:\/\/tpl.laziska.pl\/index.php\/wp-json\/wp\/v2\/users\/1"}],"replies":[{"embeddable":true,"href":"https:\/\/tpl.laziska.pl\/index.php\/wp-json\/wp\/v2\/comments?post=420"}],"version-history":[{"count":11,"href":"https:\/\/tpl.laziska.pl\/index.php\/wp-json\/wp\/v2\/pages\/420\/revisions"}],"predecessor-version":[{"id":1381,"href":"https:\/\/tpl.laziska.pl\/index.php\/wp-json\/wp\/v2\/pages\/420\/revisions\/1381"}],"wp:attachment":[{"href":"https:\/\/tpl.laziska.pl\/index.php\/wp-json\/wp\/v2\/media?parent=420"}],"curies":[{"name":"wp","href":"https:\/\/api.w.org\/{rel}","templated":true}]}}