{"id":309,"date":"2022-06-23T13:52:18","date_gmt":"2022-06-23T11:52:18","guid":{"rendered":"https:\/\/tpl.laziska.pl\/?page_id=309"},"modified":"2025-08-09T21:15:45","modified_gmt":"2025-08-09T19:15:45","slug":"wyklad","status":"publish","type":"page","link":"https:\/\/tpl.laziska.pl\/index.php\/galeria\/wyklad\/","title":{"rendered":"Wyk\u0142ad"},"content":{"rendered":"\n<p>2 lipca 2025 roku &#8211; Mieszka\u0144cy i w\u0142a\u015bciciele \u0141azisk &#8211; prelekcja poprowadzona w bibliotece w \u0141aziskach.<\/p>\n\n\n\n<figure class=\"wp-block-gallery has-nested-images columns-default is-cropped wp-block-gallery-1 is-layout-flex wp-block-gallery-is-layout-flex\">\n<figure class=\"wp-block-image size-large\"><img loading=\"lazy\" decoding=\"async\" width=\"600\" height=\"450\" data-id=\"1242\" src=\"https:\/\/tpl.laziska.pl\/wp-content\/uploads\/2025\/08\/514408515_1325171099614942_6929566851255266067_n-2.jpg\" alt=\"\" class=\"wp-image-1242\" srcset=\"https:\/\/tpl.laziska.pl\/wp-content\/uploads\/2025\/08\/514408515_1325171099614942_6929566851255266067_n-2.jpg 600w, https:\/\/tpl.laziska.pl\/wp-content\/uploads\/2025\/08\/514408515_1325171099614942_6929566851255266067_n-2-300x225.jpg 300w\" sizes=\"auto, (max-width: 600px) 100vw, 600px\" \/><\/figure>\n\n\n\n<figure class=\"wp-block-image size-large\"><img loading=\"lazy\" decoding=\"async\" width=\"1024\" height=\"768\" data-id=\"1246\" src=\"https:\/\/tpl.laziska.pl\/wp-content\/uploads\/2025\/08\/514667331_1325171249614927_2850897344229426558_n-2-1024x768.jpg\" alt=\"\" class=\"wp-image-1246\" srcset=\"https:\/\/tpl.laziska.pl\/wp-content\/uploads\/2025\/08\/514667331_1325171249614927_2850897344229426558_n-2-1024x768.jpg 1024w, https:\/\/tpl.laziska.pl\/wp-content\/uploads\/2025\/08\/514667331_1325171249614927_2850897344229426558_n-2-300x225.jpg 300w, https:\/\/tpl.laziska.pl\/wp-content\/uploads\/2025\/08\/514667331_1325171249614927_2850897344229426558_n-2-768x576.jpg 768w, https:\/\/tpl.laziska.pl\/wp-content\/uploads\/2025\/08\/514667331_1325171249614927_2850897344229426558_n-2-1536x1152.jpg 1536w, https:\/\/tpl.laziska.pl\/wp-content\/uploads\/2025\/08\/514667331_1325171249614927_2850897344229426558_n-2.jpg 2048w\" sizes=\"auto, (max-width: 1024px) 100vw, 1024px\" \/><\/figure>\n\n\n\n<figure class=\"wp-block-image size-large\"><img loading=\"lazy\" decoding=\"async\" width=\"600\" height=\"450\" data-id=\"1243\" src=\"https:\/\/tpl.laziska.pl\/wp-content\/uploads\/2025\/08\/515283814_1325171242948261_6173423305235335758_n-2.jpg\" alt=\"\" class=\"wp-image-1243\" srcset=\"https:\/\/tpl.laziska.pl\/wp-content\/uploads\/2025\/08\/515283814_1325171242948261_6173423305235335758_n-2.jpg 600w, https:\/\/tpl.laziska.pl\/wp-content\/uploads\/2025\/08\/515283814_1325171242948261_6173423305235335758_n-2-300x225.jpg 300w\" sizes=\"auto, (max-width: 600px) 100vw, 600px\" \/><\/figure>\n\n\n\n<figure class=\"wp-block-image size-large\"><img loading=\"lazy\" decoding=\"async\" width=\"1024\" height=\"768\" data-id=\"1251\" src=\"https:\/\/tpl.laziska.pl\/wp-content\/uploads\/2025\/08\/515507554_1325171166281602_1686399614439906365_n-2-1024x768.jpg\" alt=\"\" class=\"wp-image-1251\" srcset=\"https:\/\/tpl.laziska.pl\/wp-content\/uploads\/2025\/08\/515507554_1325171166281602_1686399614439906365_n-2-1024x768.jpg 1024w, https:\/\/tpl.laziska.pl\/wp-content\/uploads\/2025\/08\/515507554_1325171166281602_1686399614439906365_n-2-300x225.jpg 300w, https:\/\/tpl.laziska.pl\/wp-content\/uploads\/2025\/08\/515507554_1325171166281602_1686399614439906365_n-2-768x576.jpg 768w, https:\/\/tpl.laziska.pl\/wp-content\/uploads\/2025\/08\/515507554_1325171166281602_1686399614439906365_n-2-1536x1152.jpg 1536w, https:\/\/tpl.laziska.pl\/wp-content\/uploads\/2025\/08\/515507554_1325171166281602_1686399614439906365_n-2.jpg 2048w\" sizes=\"auto, (max-width: 1024px) 100vw, 1024px\" \/><\/figure>\n\n\n\n<figure class=\"wp-block-image size-large\"><img loading=\"lazy\" decoding=\"async\" width=\"1024\" height=\"768\" data-id=\"1248\" src=\"https:\/\/tpl.laziska.pl\/wp-content\/uploads\/2025\/08\/515508159_1325171212948264_6969442277570363519_n-1-1024x768.jpg\" alt=\"\" class=\"wp-image-1248\" srcset=\"https:\/\/tpl.laziska.pl\/wp-content\/uploads\/2025\/08\/515508159_1325171212948264_6969442277570363519_n-1-1024x768.jpg 1024w, https:\/\/tpl.laziska.pl\/wp-content\/uploads\/2025\/08\/515508159_1325171212948264_6969442277570363519_n-1-300x225.jpg 300w, https:\/\/tpl.laziska.pl\/wp-content\/uploads\/2025\/08\/515508159_1325171212948264_6969442277570363519_n-1-768x576.jpg 768w, https:\/\/tpl.laziska.pl\/wp-content\/uploads\/2025\/08\/515508159_1325171212948264_6969442277570363519_n-1-1536x1152.jpg 1536w, https:\/\/tpl.laziska.pl\/wp-content\/uploads\/2025\/08\/515508159_1325171212948264_6969442277570363519_n-1.jpg 2048w\" sizes=\"auto, (max-width: 1024px) 100vw, 1024px\" \/><\/figure>\n\n\n\n<figure class=\"wp-block-image size-large\"><img loading=\"lazy\" decoding=\"async\" width=\"600\" height=\"450\" data-id=\"1245\" src=\"https:\/\/tpl.laziska.pl\/wp-content\/uploads\/2025\/08\/515508297_1325171146281604_5251740005564313704_n-1.jpg\" alt=\"\" class=\"wp-image-1245\" srcset=\"https:\/\/tpl.laziska.pl\/wp-content\/uploads\/2025\/08\/515508297_1325171146281604_5251740005564313704_n-1.jpg 600w, https:\/\/tpl.laziska.pl\/wp-content\/uploads\/2025\/08\/515508297_1325171146281604_5251740005564313704_n-1-300x225.jpg 300w\" sizes=\"auto, (max-width: 600px) 100vw, 600px\" \/><\/figure>\n\n\n\n<figure class=\"wp-block-image size-large\"><img loading=\"lazy\" decoding=\"async\" width=\"600\" height=\"450\" data-id=\"1244\" src=\"https:\/\/tpl.laziska.pl\/wp-content\/uploads\/2025\/08\/515509152_1325171239614928_6382731948927461934_n-1.jpg\" alt=\"\" class=\"wp-image-1244\" srcset=\"https:\/\/tpl.laziska.pl\/wp-content\/uploads\/2025\/08\/515509152_1325171239614928_6382731948927461934_n-1.jpg 600w, https:\/\/tpl.laziska.pl\/wp-content\/uploads\/2025\/08\/515509152_1325171239614928_6382731948927461934_n-1-300x225.jpg 300w\" sizes=\"auto, (max-width: 600px) 100vw, 600px\" \/><\/figure>\n\n\n\n<figure class=\"wp-block-image size-large\"><img loading=\"lazy\" decoding=\"async\" width=\"1024\" height=\"768\" data-id=\"1247\" src=\"https:\/\/tpl.laziska.pl\/wp-content\/uploads\/2025\/08\/515529268_1325171379614914_5606305912641393530_n-1-1024x768.jpg\" alt=\"\" class=\"wp-image-1247\" srcset=\"https:\/\/tpl.laziska.pl\/wp-content\/uploads\/2025\/08\/515529268_1325171379614914_5606305912641393530_n-1-1024x768.jpg 1024w, https:\/\/tpl.laziska.pl\/wp-content\/uploads\/2025\/08\/515529268_1325171379614914_5606305912641393530_n-1-300x225.jpg 300w, https:\/\/tpl.laziska.pl\/wp-content\/uploads\/2025\/08\/515529268_1325171379614914_5606305912641393530_n-1-768x576.jpg 768w, https:\/\/tpl.laziska.pl\/wp-content\/uploads\/2025\/08\/515529268_1325171379614914_5606305912641393530_n-1-1536x1152.jpg 1536w, https:\/\/tpl.laziska.pl\/wp-content\/uploads\/2025\/08\/515529268_1325171379614914_5606305912641393530_n-1.jpg 2048w\" sizes=\"auto, (max-width: 1024px) 100vw, 1024px\" \/><\/figure>\n\n\n\n<figure class=\"wp-block-image size-large\"><img loading=\"lazy\" decoding=\"async\" width=\"1024\" height=\"768\" data-id=\"1249\" src=\"https:\/\/tpl.laziska.pl\/wp-content\/uploads\/2025\/08\/515684214_1325171402948245_4851136449926105588_n-1-1024x768.jpg\" alt=\"\" class=\"wp-image-1249\" srcset=\"https:\/\/tpl.laziska.pl\/wp-content\/uploads\/2025\/08\/515684214_1325171402948245_4851136449926105588_n-1-1024x768.jpg 1024w, https:\/\/tpl.laziska.pl\/wp-content\/uploads\/2025\/08\/515684214_1325171402948245_4851136449926105588_n-1-300x225.jpg 300w, https:\/\/tpl.laziska.pl\/wp-content\/uploads\/2025\/08\/515684214_1325171402948245_4851136449926105588_n-1-768x576.jpg 768w, https:\/\/tpl.laziska.pl\/wp-content\/uploads\/2025\/08\/515684214_1325171402948245_4851136449926105588_n-1-1536x1152.jpg 1536w, https:\/\/tpl.laziska.pl\/wp-content\/uploads\/2025\/08\/515684214_1325171402948245_4851136449926105588_n-1.jpg 2048w\" sizes=\"auto, (max-width: 1024px) 100vw, 1024px\" \/><\/figure>\n\n\n\n<figure class=\"wp-block-image size-large\"><img loading=\"lazy\" decoding=\"async\" width=\"1024\" height=\"768\" data-id=\"1250\" src=\"https:\/\/tpl.laziska.pl\/wp-content\/uploads\/2025\/08\/515759100_1325171162948269_7310874138478679040_n-1-1024x768.jpg\" alt=\"\" class=\"wp-image-1250\" srcset=\"https:\/\/tpl.laziska.pl\/wp-content\/uploads\/2025\/08\/515759100_1325171162948269_7310874138478679040_n-1-1024x768.jpg 1024w, https:\/\/tpl.laziska.pl\/wp-content\/uploads\/2025\/08\/515759100_1325171162948269_7310874138478679040_n-1-300x225.jpg 300w, https:\/\/tpl.laziska.pl\/wp-content\/uploads\/2025\/08\/515759100_1325171162948269_7310874138478679040_n-1-768x576.jpg 768w, https:\/\/tpl.laziska.pl\/wp-content\/uploads\/2025\/08\/515759100_1325171162948269_7310874138478679040_n-1-1536x1152.jpg 1536w, https:\/\/tpl.laziska.pl\/wp-content\/uploads\/2025\/08\/515759100_1325171162948269_7310874138478679040_n-1.jpg 2048w\" sizes=\"auto, (max-width: 1024px) 100vw, 1024px\" \/><\/figure>\n<\/figure>\n\n\n\n<p><\/p>\n\n\n\n<div class=\"wp-block-columns is-layout-flex wp-container-core-columns-is-layout-9d6595d7 wp-block-columns-is-layout-flex\">\n<div class=\"wp-block-column is-layout-flow wp-block-column-is-layout-flow\">\n<figure class=\"wp-block-image size-large\"><img loading=\"lazy\" decoding=\"async\" width=\"1024\" height=\"768\" src=\"https:\/\/tpl.laziska.pl\/wp-content\/uploads\/2022\/06\/DSCN0017-1-1024x768.jpg\" alt=\"\" class=\"wp-image-250\" srcset=\"https:\/\/tpl.laziska.pl\/wp-content\/uploads\/2022\/06\/DSCN0017-1-1024x768.jpg 1024w, https:\/\/tpl.laziska.pl\/wp-content\/uploads\/2022\/06\/DSCN0017-1-300x225.jpg 300w, https:\/\/tpl.laziska.pl\/wp-content\/uploads\/2022\/06\/DSCN0017-1-768x576.jpg 768w, https:\/\/tpl.laziska.pl\/wp-content\/uploads\/2022\/06\/DSCN0017-1-1536x1152.jpg 1536w, https:\/\/tpl.laziska.pl\/wp-content\/uploads\/2022\/06\/DSCN0017-1-2048x1536.jpg 2048w\" sizes=\"auto, (max-width: 1024px) 100vw, 1024px\" \/><\/figure>\n<\/div>\n\n\n\n<div class=\"wp-block-column is-layout-flow wp-block-column-is-layout-flow\">\n<figure class=\"wp-block-image size-large\"><img loading=\"lazy\" decoding=\"async\" width=\"1024\" height=\"768\" src=\"https:\/\/tpl.laziska.pl\/wp-content\/uploads\/2022\/06\/DSCN0015-1-1024x768.jpg\" alt=\"\" class=\"wp-image-249\" srcset=\"https:\/\/tpl.laziska.pl\/wp-content\/uploads\/2022\/06\/DSCN0015-1-1024x768.jpg 1024w, https:\/\/tpl.laziska.pl\/wp-content\/uploads\/2022\/06\/DSCN0015-1-300x225.jpg 300w, https:\/\/tpl.laziska.pl\/wp-content\/uploads\/2022\/06\/DSCN0015-1-768x576.jpg 768w, https:\/\/tpl.laziska.pl\/wp-content\/uploads\/2022\/06\/DSCN0015-1-1536x1152.jpg 1536w, https:\/\/tpl.laziska.pl\/wp-content\/uploads\/2022\/06\/DSCN0015-1-2048x1536.jpg 2048w\" sizes=\"auto, (max-width: 1024px) 100vw, 1024px\" \/><\/figure>\n<\/div>\n\n\n\n<div class=\"wp-block-column is-layout-flow wp-block-column-is-layout-flow\">\n<figure class=\"wp-block-image size-large\"><img loading=\"lazy\" decoding=\"async\" width=\"1024\" height=\"768\" src=\"https:\/\/tpl.laziska.pl\/wp-content\/uploads\/2022\/06\/DSCN0009-1024x768.jpg\" alt=\"\" class=\"wp-image-228\" srcset=\"https:\/\/tpl.laziska.pl\/wp-content\/uploads\/2022\/06\/DSCN0009-1024x768.jpg 1024w, https:\/\/tpl.laziska.pl\/wp-content\/uploads\/2022\/06\/DSCN0009-300x225.jpg 300w, https:\/\/tpl.laziska.pl\/wp-content\/uploads\/2022\/06\/DSCN0009-768x576.jpg 768w, https:\/\/tpl.laziska.pl\/wp-content\/uploads\/2022\/06\/DSCN0009-1536x1152.jpg 1536w, https:\/\/tpl.laziska.pl\/wp-content\/uploads\/2022\/06\/DSCN0009-2048x1536.jpg 2048w\" sizes=\"auto, (max-width: 1024px) 100vw, 1024px\" \/><\/figure>\n<\/div>\n<\/div>\n\n\n\n<div class=\"wp-block-columns is-layout-flex wp-container-core-columns-is-layout-9d6595d7 wp-block-columns-is-layout-flex\">\n<div class=\"wp-block-column is-layout-flow wp-block-column-is-layout-flow\">\n<figure class=\"wp-block-image size-large\"><img loading=\"lazy\" decoding=\"async\" width=\"1024\" height=\"768\" src=\"https:\/\/tpl.laziska.pl\/wp-content\/uploads\/2022\/06\/20220621_154220-1024x768.jpg\" alt=\"\" class=\"wp-image-318\" srcset=\"https:\/\/tpl.laziska.pl\/wp-content\/uploads\/2022\/06\/20220621_154220-1024x768.jpg 1024w, https:\/\/tpl.laziska.pl\/wp-content\/uploads\/2022\/06\/20220621_154220-300x225.jpg 300w, https:\/\/tpl.laziska.pl\/wp-content\/uploads\/2022\/06\/20220621_154220-768x576.jpg 768w, https:\/\/tpl.laziska.pl\/wp-content\/uploads\/2022\/06\/20220621_154220-1536x1152.jpg 1536w, https:\/\/tpl.laziska.pl\/wp-content\/uploads\/2022\/06\/20220621_154220-2048x1536.jpg 2048w\" sizes=\"auto, (max-width: 1024px) 100vw, 1024px\" \/><\/figure>\n<\/div>\n\n\n\n<div class=\"wp-block-column is-layout-flow wp-block-column-is-layout-flow\">\n<figure class=\"wp-block-image size-large\"><img loading=\"lazy\" decoding=\"async\" width=\"1024\" height=\"768\" src=\"https:\/\/tpl.laziska.pl\/wp-content\/uploads\/2022\/06\/20220621_154614-1024x768.jpg\" alt=\"\" class=\"wp-image-319\" srcset=\"https:\/\/tpl.laziska.pl\/wp-content\/uploads\/2022\/06\/20220621_154614-1024x768.jpg 1024w, https:\/\/tpl.laziska.pl\/wp-content\/uploads\/2022\/06\/20220621_154614-300x225.jpg 300w, https:\/\/tpl.laziska.pl\/wp-content\/uploads\/2022\/06\/20220621_154614-768x576.jpg 768w, https:\/\/tpl.laziska.pl\/wp-content\/uploads\/2022\/06\/20220621_154614-1536x1152.jpg 1536w, https:\/\/tpl.laziska.pl\/wp-content\/uploads\/2022\/06\/20220621_154614-2048x1536.jpg 2048w\" sizes=\"auto, (max-width: 1024px) 100vw, 1024px\" \/><\/figure>\n<\/div>\n\n\n\n<div class=\"wp-block-column is-layout-flow wp-block-column-is-layout-flow\">\n<figure class=\"wp-block-image size-large\"><img loading=\"lazy\" decoding=\"async\" width=\"1024\" height=\"768\" src=\"https:\/\/tpl.laziska.pl\/wp-content\/uploads\/2022\/06\/20220621_154830-1024x768.jpg\" alt=\"\" class=\"wp-image-320\" srcset=\"https:\/\/tpl.laziska.pl\/wp-content\/uploads\/2022\/06\/20220621_154830-1024x768.jpg 1024w, https:\/\/tpl.laziska.pl\/wp-content\/uploads\/2022\/06\/20220621_154830-300x225.jpg 300w, https:\/\/tpl.laziska.pl\/wp-content\/uploads\/2022\/06\/20220621_154830-768x576.jpg 768w, https:\/\/tpl.laziska.pl\/wp-content\/uploads\/2022\/06\/20220621_154830-1536x1152.jpg 1536w, https:\/\/tpl.laziska.pl\/wp-content\/uploads\/2022\/06\/20220621_154830-2048x1536.jpg 2048w\" sizes=\"auto, (max-width: 1024px) 100vw, 1024px\" \/><\/figure>\n<\/div>\n<\/div>\n\n\n\n<div class=\"wp-block-columns is-layout-flex wp-container-core-columns-is-layout-9d6595d7 wp-block-columns-is-layout-flex\">\n<div class=\"wp-block-column is-layout-flow wp-block-column-is-layout-flow\">\n<figure class=\"wp-block-image size-large\"><img loading=\"lazy\" decoding=\"async\" width=\"1024\" height=\"768\" src=\"https:\/\/tpl.laziska.pl\/wp-content\/uploads\/2022\/06\/20220621_153601-1024x768.jpg\" alt=\"\" class=\"wp-image-315\" srcset=\"https:\/\/tpl.laziska.pl\/wp-content\/uploads\/2022\/06\/20220621_153601-1024x768.jpg 1024w, https:\/\/tpl.laziska.pl\/wp-content\/uploads\/2022\/06\/20220621_153601-300x225.jpg 300w, https:\/\/tpl.laziska.pl\/wp-content\/uploads\/2022\/06\/20220621_153601-768x576.jpg 768w, https:\/\/tpl.laziska.pl\/wp-content\/uploads\/2022\/06\/20220621_153601-1536x1152.jpg 1536w, https:\/\/tpl.laziska.pl\/wp-content\/uploads\/2022\/06\/20220621_153601-2048x1536.jpg 2048w\" sizes=\"auto, (max-width: 1024px) 100vw, 1024px\" \/><\/figure>\n<\/div>\n\n\n\n<div class=\"wp-block-column is-layout-flow wp-block-column-is-layout-flow\">\n<figure class=\"wp-block-image size-large\"><img loading=\"lazy\" decoding=\"async\" width=\"1024\" height=\"768\" src=\"https:\/\/tpl.laziska.pl\/wp-content\/uploads\/2022\/06\/20220621_153708-1024x768.jpg\" alt=\"\" class=\"wp-image-316\" srcset=\"https:\/\/tpl.laziska.pl\/wp-content\/uploads\/2022\/06\/20220621_153708-1024x768.jpg 1024w, https:\/\/tpl.laziska.pl\/wp-content\/uploads\/2022\/06\/20220621_153708-300x225.jpg 300w, https:\/\/tpl.laziska.pl\/wp-content\/uploads\/2022\/06\/20220621_153708-768x576.jpg 768w, https:\/\/tpl.laziska.pl\/wp-content\/uploads\/2022\/06\/20220621_153708-1536x1152.jpg 1536w, https:\/\/tpl.laziska.pl\/wp-content\/uploads\/2022\/06\/20220621_153708-2048x1536.jpg 2048w\" sizes=\"auto, (max-width: 1024px) 100vw, 1024px\" \/><\/figure>\n<\/div>\n\n\n\n<div class=\"wp-block-column is-layout-flow wp-block-column-is-layout-flow\">\n<figure class=\"wp-block-image size-large\"><img loading=\"lazy\" decoding=\"async\" width=\"1024\" height=\"768\" src=\"https:\/\/tpl.laziska.pl\/wp-content\/uploads\/2022\/06\/20220621_154027-1024x768.jpg\" alt=\"\" class=\"wp-image-317\" srcset=\"https:\/\/tpl.laziska.pl\/wp-content\/uploads\/2022\/06\/20220621_154027-1024x768.jpg 1024w, https:\/\/tpl.laziska.pl\/wp-content\/uploads\/2022\/06\/20220621_154027-300x225.jpg 300w, https:\/\/tpl.laziska.pl\/wp-content\/uploads\/2022\/06\/20220621_154027-768x576.jpg 768w, https:\/\/tpl.laziska.pl\/wp-content\/uploads\/2022\/06\/20220621_154027-1536x1152.jpg 1536w, https:\/\/tpl.laziska.pl\/wp-content\/uploads\/2022\/06\/20220621_154027-2048x1536.jpg 2048w\" sizes=\"auto, (max-width: 1024px) 100vw, 1024px\" \/><\/figure>\n<\/div>\n<\/div>\n\n\n\n<p><\/p>\n","protected":false},"excerpt":{"rendered":"<p>2 lipca 2025 roku &#8211; Mieszka\u0144cy i w\u0142a\u015bciciele \u0141azisk &#8211; prelekcja poprowadzona w bibliotece w \u0141aziskach.<\/p>\n","protected":false},"author":1,"featured_media":0,"parent":72,"menu_order":0,"comment_status":"closed","ping_status":"closed","template":"","meta":{"om_disable_all_campaigns":false,"_monsterinsights_skip_tracking":false,"_monsterinsights_sitenote_active":false,"_monsterinsights_sitenote_note":"","_monsterinsights_sitenote_category":0,"ngg_post_thumbnail":0,"footnotes":""},"class_list":["post-309","page","type-page","status-publish","hentry"],"aioseo_notices":[],"_links":{"self":[{"href":"https:\/\/tpl.laziska.pl\/index.php\/wp-json\/wp\/v2\/pages\/309","targetHints":{"allow":["GET"]}}],"collection":[{"href":"https:\/\/tpl.laziska.pl\/index.php\/wp-json\/wp\/v2\/pages"}],"about":[{"href":"https:\/\/tpl.laziska.pl\/index.php\/wp-json\/wp\/v2\/types\/page"}],"author":[{"embeddable":true,"href":"https:\/\/tpl.laziska.pl\/index.php\/wp-json\/wp\/v2\/users\/1"}],"replies":[{"embeddable":true,"href":"https:\/\/tpl.laziska.pl\/index.php\/wp-json\/wp\/v2\/comments?post=309"}],"version-history":[{"count":4,"href":"https:\/\/tpl.laziska.pl\/index.php\/wp-json\/wp\/v2\/pages\/309\/revisions"}],"predecessor-version":[{"id":1252,"href":"https:\/\/tpl.laziska.pl\/index.php\/wp-json\/wp\/v2\/pages\/309\/revisions\/1252"}],"up":[{"embeddable":true,"href":"https:\/\/tpl.laziska.pl\/index.php\/wp-json\/wp\/v2\/pages\/72"}],"wp:attachment":[{"href":"https:\/\/tpl.laziska.pl\/index.php\/wp-json\/wp\/v2\/media?parent=309"}],"curies":[{"name":"wp","href":"https:\/\/api.w.org\/{rel}","templated":true}]}}