{"id":28,"date":"2022-03-16T08:21:36","date_gmt":"2022-03-16T07:21:36","guid":{"rendered":"https:\/\/tpl.laziska.pl\/?page_id=28"},"modified":"2022-10-20T22:19:41","modified_gmt":"2022-10-20T20:19:41","slug":"kontakt","status":"publish","type":"page","link":"https:\/\/tpl.laziska.pl\/index.php\/kontakt\/","title":{"rendered":"Kontakt"},"content":{"rendered":"\n<p>TOWARZYSTWO PRZYJACI\u00d3\u0141 \u0141AZISK W \u0141AZISKACH G\u00d3RNYCH<\/p>\n\n\n\n<p>ul. \u015awi\u0119tego Jana Paw\u0142a II 1<\/p>\n\n\n\n<p>43-170 \u0141aziska G\u00f3rne<\/p>\n\n\n\n<p>Numer KRS: KRS&nbsp;0000065722&nbsp;<\/p>\n\n\n\n<p>Numer REGON: 276626369&nbsp;<\/p>\n\n\n\n<p>Numer NIP: 635-160-11-65&nbsp;<\/p>\n\n\n\n<p>Forma prawna: STOWARZYSZENIE<\/p>\n\n\n\n<p><strong>e-mail tpl.laziska@gmail.com<\/strong><\/p>\n\n\n\n<p><\/p>\n\n\n\n<div class=\"wp-block-columns is-layout-flex wp-container-core-columns-is-layout-9d6595d7 wp-block-columns-is-layout-flex\">\n<div class=\"wp-block-column is-layout-flow wp-block-column-is-layout-flow\"><\/div>\n\n\n\n<div class=\"wp-block-column is-layout-flow wp-block-column-is-layout-flow\"><\/div>\n<\/div>\n","protected":false},"excerpt":{"rendered":"<p>TOWARZYSTWO PRZYJACI\u00d3\u0141 \u0141AZISK W \u0141AZISKACH G\u00d3RNYCH ul. \u015awi\u0119tego Jana Paw\u0142a II 1 43-170 \u0141aziska G\u00f3rne Numer KRS: KRS&nbsp;0000065722&nbsp; Numer REGON: 276626369&nbsp; Numer NIP: 635-160-11-65&nbsp; Forma prawna: STOWARZYSZENIE e-mail tpl.laziska@gmail.com<\/p>\n","protected":false},"author":1,"featured_media":0,"parent":0,"menu_order":0,"comment_status":"closed","ping_status":"closed","template":"","meta":{"om_disable_all_campaigns":false,"_monsterinsights_skip_tracking":false,"_monsterinsights_sitenote_active":false,"_monsterinsights_sitenote_note":"","_monsterinsights_sitenote_category":0,"ngg_post_thumbnail":0,"footnotes":""},"class_list":["post-28","page","type-page","status-publish","hentry"],"aioseo_notices":[],"_links":{"self":[{"href":"https:\/\/tpl.laziska.pl\/index.php\/wp-json\/wp\/v2\/pages\/28","targetHints":{"allow":["GET"]}}],"collection":[{"href":"https:\/\/tpl.laziska.pl\/index.php\/wp-json\/wp\/v2\/pages"}],"about":[{"href":"https:\/\/tpl.laziska.pl\/index.php\/wp-json\/wp\/v2\/types\/page"}],"author":[{"embeddable":true,"href":"https:\/\/tpl.laziska.pl\/index.php\/wp-json\/wp\/v2\/users\/1"}],"replies":[{"embeddable":true,"href":"https:\/\/tpl.laziska.pl\/index.php\/wp-json\/wp\/v2\/comments?post=28"}],"version-history":[{"count":5,"href":"https:\/\/tpl.laziska.pl\/index.php\/wp-json\/wp\/v2\/pages\/28\/revisions"}],"predecessor-version":[{"id":216,"href":"https:\/\/tpl.laziska.pl\/index.php\/wp-json\/wp\/v2\/pages\/28\/revisions\/216"}],"wp:attachment":[{"href":"https:\/\/tpl.laziska.pl\/index.php\/wp-json\/wp\/v2\/media?parent=28"}],"curies":[{"name":"wp","href":"https:\/\/api.w.org\/{rel}","templated":true}]}}